{"id":443,"date":"2020-07-10T11:24:32","date_gmt":"2020-07-10T11:24:32","guid":{"rendered":"http:\/\/loyerabello-wp.eliott-markus.digital\/actualites\/"},"modified":"2020-08-26T13:48:48","modified_gmt":"2020-08-26T13:48:48","slug":"actualites","status":"publish","type":"page","link":"https:\/\/abello-ip.com\/en\/actualites\/","title":{"rendered":"News &#038; Documentation"},"content":{"rendered":"","protected":false},"excerpt":{"rendered":"","protected":false},"author":1,"featured_media":0,"parent":0,"menu_order":0,"comment_status":"closed","ping_status":"closed","template":"pages\/actualites.php","meta":{"_acf_changed":false,"footnotes":""},"class_list":["post-443","page","type-page","status-publish","hentry"],"acf":[],"yoast_head":"<!-- This site is optimized with the Yoast SEO plugin v27.1.1 - https:\/\/yoast.com\/product\/yoast-seo-wordpress\/ -->\n<title>News &amp; Documentation - abello - IP Firm<\/title>\n<meta name=\"robots\" content=\"index, follow, max-snippet:-1, max-image-preview:large, max-video-preview:-1\" \/>\n<link rel=\"canonical\" href=\"https:\/\/abello-ip.com\/en\/actualites\/\" \/>\n<meta property=\"og:locale\" content=\"en_US\" \/>\n<meta property=\"og:type\" content=\"article\" \/>\n<meta property=\"og:title\" content=\"News &amp; Documentation - abello - IP Firm\" \/>\n<meta property=\"og:url\" content=\"https:\/\/abello-ip.com\/en\/actualites\/\" \/>\n<meta property=\"og:site_name\" content=\"abello - IP Firm\" \/>\n<meta property=\"article:modified_time\" content=\"2020-08-26T13:48:48+00:00\" \/>\n<meta name=\"twitter:card\" content=\"summary_large_image\" \/>\n<script type=\"application\/ld+json\" class=\"yoast-schema-graph\">{\"@context\":\"https:\/\/schema.org\",\"@graph\":[{\"@type\":\"WebPage\",\"@id\":\"https:\/\/abello-ip.com\/en\/actualites\/\",\"url\":\"https:\/\/abello-ip.com\/en\/actualites\/\",\"name\":\"News & Documentation - abello - IP Firm\",\"isPartOf\":{\"@id\":\"https:\/\/abello-ip.com\/en\/#website\"},\"datePublished\":\"2020-07-10T11:24:32+00:00\",\"dateModified\":\"2020-08-26T13:48:48+00:00\",\"breadcrumb\":{\"@id\":\"https:\/\/abello-ip.com\/en\/actualites\/#breadcrumb\"},\"inLanguage\":\"en-US\",\"potentialAction\":[{\"@type\":\"ReadAction\",\"target\":[\"https:\/\/abello-ip.com\/en\/actualites\/\"]}]},{\"@type\":\"BreadcrumbList\",\"@id\":\"https:\/\/abello-ip.com\/en\/actualites\/#breadcrumb\",\"itemListElement\":[{\"@type\":\"ListItem\",\"position\":1,\"name\":\"Home\",\"item\":\"https:\/\/abello-ip.com\/en\/\"},{\"@type\":\"ListItem\",\"position\":2,\"name\":\"News &#038; Documentation\"}]},{\"@type\":\"WebSite\",\"@id\":\"https:\/\/abello-ip.com\/en\/#website\",\"url\":\"https:\/\/abello-ip.com\/en\/\",\"name\":\"abello - IP Firm\",\"description\":\"abello se distingue depuis 1888 sur le march\u00e9 fran\u00e7ais de la propri\u00e9t\u00e9 intellectuelle par sa double culture historique d\u2019avocat &amp; d\u2019ing\u00e9nieur experts en IP.\",\"potentialAction\":[{\"@type\":\"SearchAction\",\"target\":{\"@type\":\"EntryPoint\",\"urlTemplate\":\"https:\/\/abello-ip.com\/en\/?s={search_term_string}\"},\"query-input\":{\"@type\":\"PropertyValueSpecification\",\"valueRequired\":true,\"valueName\":\"search_term_string\"}}],\"inLanguage\":\"en-US\"}]}<\/script>\n<!-- \/ Yoast SEO plugin. -->","yoast_head_json":{"title":"News & Documentation - abello - IP Firm","robots":{"index":"index","follow":"follow","max-snippet":"max-snippet:-1","max-image-preview":"max-image-preview:large","max-video-preview":"max-video-preview:-1"},"canonical":"https:\/\/abello-ip.com\/en\/actualites\/","og_locale":"en_US","og_type":"article","og_title":"News & Documentation - abello - IP Firm","og_url":"https:\/\/abello-ip.com\/en\/actualites\/","og_site_name":"abello - IP Firm","article_modified_time":"2020-08-26T13:48:48+00:00","twitter_card":"summary_large_image","schema":{"@context":"https:\/\/schema.org","@graph":[{"@type":"WebPage","@id":"https:\/\/abello-ip.com\/en\/actualites\/","url":"https:\/\/abello-ip.com\/en\/actualites\/","name":"News & Documentation - abello - IP Firm","isPartOf":{"@id":"https:\/\/abello-ip.com\/en\/#website"},"datePublished":"2020-07-10T11:24:32+00:00","dateModified":"2020-08-26T13:48:48+00:00","breadcrumb":{"@id":"https:\/\/abello-ip.com\/en\/actualites\/#breadcrumb"},"inLanguage":"en-US","potentialAction":[{"@type":"ReadAction","target":["https:\/\/abello-ip.com\/en\/actualites\/"]}]},{"@type":"BreadcrumbList","@id":"https:\/\/abello-ip.com\/en\/actualites\/#breadcrumb","itemListElement":[{"@type":"ListItem","position":1,"name":"Home","item":"https:\/\/abello-ip.com\/en\/"},{"@type":"ListItem","position":2,"name":"News &#038; Documentation"}]},{"@type":"WebSite","@id":"https:\/\/abello-ip.com\/en\/#website","url":"https:\/\/abello-ip.com\/en\/","name":"abello - IP Firm","description":"abello se distingue depuis 1888 sur le march\u00e9 fran\u00e7ais de la propri\u00e9t\u00e9 intellectuelle par sa double culture historique d\u2019avocat &amp; d\u2019ing\u00e9nieur experts en IP.","potentialAction":[{"@type":"SearchAction","target":{"@type":"EntryPoint","urlTemplate":"https:\/\/abello-ip.com\/en\/?s={search_term_string}"},"query-input":{"@type":"PropertyValueSpecification","valueRequired":true,"valueName":"search_term_string"}}],"inLanguage":"en-US"}]}},"_links":{"self":[{"href":"https:\/\/abello-ip.com\/en\/wp-json\/wp\/v2\/pages\/443","targetHints":{"allow":["GET"]}}],"collection":[{"href":"https:\/\/abello-ip.com\/en\/wp-json\/wp\/v2\/pages"}],"about":[{"href":"https:\/\/abello-ip.com\/en\/wp-json\/wp\/v2\/types\/page"}],"author":[{"embeddable":true,"href":"https:\/\/abello-ip.com\/en\/wp-json\/wp\/v2\/users\/1"}],"replies":[{"embeddable":true,"href":"https:\/\/abello-ip.com\/en\/wp-json\/wp\/v2\/comments?post=443"}],"version-history":[{"count":3,"href":"https:\/\/abello-ip.com\/en\/wp-json\/wp\/v2\/pages\/443\/revisions"}],"predecessor-version":[{"id":1164,"href":"https:\/\/abello-ip.com\/en\/wp-json\/wp\/v2\/pages\/443\/revisions\/1164"}],"wp:attachment":[{"href":"https:\/\/abello-ip.com\/en\/wp-json\/wp\/v2\/media?parent=443"}],"curies":[{"name":"wp","href":"https:\/\/api.w.org\/{rel}","templated":true}]}}